{"id":73,"date":"2024-05-16T01:38:03","date_gmt":"2024-05-16T01:38:03","guid":{"rendered":"https:\/\/oceanshipping.vn\/?page_id=73"},"modified":"2024-05-29T09:12:34","modified_gmt":"2024-05-29T09:12:34","slug":"cung-ung-vat-tu-tau-bien","status":"publish","type":"page","link":"https:\/\/oceanshipping.vn\/index.php\/cung-ung-vat-tu-tau-bien\/","title":{"rendered":"Cung \u1ee9ng v\u1eadt t\u01b0 t\u00e0u bi\u1ec3n"},"content":{"rendered":"\t\t<div data-elementor-type=\"wp-page\" data-elementor-id=\"73\" class=\"elementor elementor-73\" data-elementor-settings=\"[]\">\n\t\t\t\t\t\t\t<div class=\"elementor-section-wrap\">\n\t\t\t\t\t\t\t<section class=\"elementor-section elementor-top-section elementor-element elementor-element-db330a1 elementor-section-boxed elementor-section-height-default elementor-section-height-default\" data-id=\"db330a1\" data-element_type=\"section\">\n\t\t\t\t\t\t<div class=\"elementor-container elementor-column-gap-default\">\n\t\t\t\t\t<div class=\"elementor-column elementor-col-100 elementor-top-column elementor-element elementor-element-e1f005f\" data-id=\"e1f005f\" data-element_type=\"column\">\n\t\t\t<div class=\"elementor-widget-wrap elementor-element-populated\">\n\t\t\t\t\t\t\t\t<div class=\"elementor-element elementor-element-5776951 elementor-widget elementor-widget-heading\" data-id=\"5776951\" data-element_type=\"widget\" data-widget_type=\"heading.default\">\n\t\t\t\t<div class=\"elementor-widget-container\">\n\t\t\t<style>\/*! elementor - v3.5.2 - 22-12-2021 *\/\n.elementor-heading-title{padding:0;margin:0;line-height:1}.elementor-widget-heading .elementor-heading-title[class*=elementor-size-]>a{color:inherit;font-size:inherit;line-height:inherit}.elementor-widget-heading .elementor-heading-title.elementor-size-small{font-size:15px}.elementor-widget-heading .elementor-heading-title.elementor-size-medium{font-size:19px}.elementor-widget-heading .elementor-heading-title.elementor-size-large{font-size:29px}.elementor-widget-heading .elementor-heading-title.elementor-size-xl{font-size:39px}.elementor-widget-heading .elementor-heading-title.elementor-size-xxl{font-size:59px}<\/style><h4 class=\"elementor-heading-title elementor-size-default\">\nCung \u1ee8ng V\u1eadt T\u01b0 T\u00e0u Bi\u1ec3n Chuy\u00ean Nghi\u1ec7p - Gi\u1ea3i Ph\u00e1p Ho\u00e0n H\u1ea3o Cho Ho\u1ea1t \u0110\u1ed9ng H\u00e0ng H\u1ea3i C\u1ee7a B\u1ea1n<\/h4>\t\t<\/div>\n\t\t\t\t<\/div>\n\t\t\t\t\t<\/div>\n\t\t<\/div>\n\t\t\t\t\t\t\t<\/div>\n\t\t<\/section>\n\t\t\t\t<section class=\"elementor-section elementor-top-section elementor-element elementor-element-22e47d7 elementor-section-boxed elementor-section-height-default elementor-section-height-default\" data-id=\"22e47d7\" data-element_type=\"section\">\n\t\t\t\t\t\t<div class=\"elementor-container elementor-column-gap-default\">\n\t\t\t\t\t<div class=\"elementor-column elementor-col-100 elementor-top-column elementor-element elementor-element-75757ad\" data-id=\"75757ad\" data-element_type=\"column\">\n\t\t\t<div class=\"elementor-widget-wrap elementor-element-populated\">\n\t\t\t\t\t\t\t\t<div class=\"elementor-element elementor-element-e1342ff elementor-widget elementor-widget-text-editor\" data-id=\"e1342ff\" data-element_type=\"widget\" data-widget_type=\"text-editor.default\">\n\t\t\t\t<div class=\"elementor-widget-container\">\n\t\t\t<style>\/*! elementor - v3.5.2 - 22-12-2021 *\/\n.elementor-widget-text-editor.elementor-drop-cap-view-stacked .elementor-drop-cap{background-color:#818a91;color:#fff}.elementor-widget-text-editor.elementor-drop-cap-view-framed .elementor-drop-cap{color:#818a91;border:3px solid;background-color:transparent}.elementor-widget-text-editor:not(.elementor-drop-cap-view-default) .elementor-drop-cap{margin-top:8px}.elementor-widget-text-editor:not(.elementor-drop-cap-view-default) .elementor-drop-cap-letter{width:1em;height:1em}.elementor-widget-text-editor .elementor-drop-cap{float:left;text-align:center;line-height:1;font-size:50px}.elementor-widget-text-editor .elementor-drop-cap-letter{display:inline-block}<\/style>\t\t\t\t<p>Ng\u00e0nh h\u00e0ng h\u1ea3i \u0111\u00f3ng vai tr\u00f2 quan tr\u1ecdng trong n\u1ec1n kinh t\u1ebf qu\u1ed1c d\u00e2n, g\u00f3p ph\u1ea7n th\u00fac \u0111\u1ea9y giao th\u01b0\u01a1ng qu\u1ed1c t\u1ebf v\u00e0 ph\u00e1t tri\u1ec3n \u0111\u1ea5t n\u01b0\u1edbc. Tuy nhi\u00ean, \u0111\u1ec3 \u0111\u1ea3m b\u1ea3o an to\u00e0n v\u00e0 hi\u1ec7u qu\u1ea3 cho ho\u1ea1t \u0111\u1ed9ng h\u00e0ng h\u1ea3i, vi\u1ec7c cung \u1ee9ng \u0111\u1ea7y \u0111\u1ee7 v\u00e0 k\u1ecbp th\u1eddi c\u00e1c v\u1eadt t\u01b0 thi\u1ebft y\u1ebfu cho t\u00e0u bi\u1ec3n l\u00e0 v\u00f4 c\u00f9ng quan tr\u1ecdng. Hi\u1ec3u \u0111\u01b0\u1ee3c \u0111i\u1ec1u n\u00e0y, <strong>C\u00f4ng Ty C\u1ed5 Ph\u1ea7n Qu\u1ea3n L\u00fd T\u00e0u V\u00e0 D\u1ecbch V\u1ee5 H\u00e0ng H\u1ea3i \u0110\u1ea1i D\u01b0\u01a1ng<\/strong> ra \u0111\u1eddi v\u1edbi s\u1ee9 m\u1ec7nh mang \u0111\u1ebfn d\u1ecbch v\u1ee5 cung \u1ee9ng v\u1eadt t\u01b0 t\u00e0u bi\u1ec3n chuy\u00ean nghi\u1ec7p, uy t\u00edn, \u0111\u00e1p \u1ee9ng m\u1ecdi nhu c\u1ea7u c\u1ee7a qu\u00fd kh\u00e1ch h\u00e0ng.<\/p>\t\t\t\t\t\t<\/div>\n\t\t\t\t<\/div>\n\t\t\t\t<div class=\"elementor-element elementor-element-d1123e6 elementor-invisible elementor-widget elementor-widget-image\" data-id=\"d1123e6\" data-element_type=\"widget\" data-settings=\"{&quot;_animation&quot;:&quot;bounceIn&quot;}\" data-widget_type=\"image.default\">\n\t\t\t\t<div class=\"elementor-widget-container\">\n\t\t\t<style>\/*! elementor - v3.5.2 - 22-12-2021 *\/\n.elementor-widget-image{text-align:center}.elementor-widget-image a{display:inline-block}.elementor-widget-image a img[src$=\".svg\"]{width:48px}.elementor-widget-image img{vertical-align:middle;display:inline-block}<\/style>\t\t\t\t\t\t\t\t\t\t\t\t<img loading=\"lazy\" decoding=\"async\" width=\"1000\" height=\"667\" src=\"https:\/\/oceanshipping.vn\/wp-content\/uploads\/2024\/05\/cung-ung-vat-tu-tau-bien-gia-re-min_20cc9f241c3b4044b1341498f93077ff_1024x1024.jpg\" class=\"attachment-large size-large\" alt=\"\" srcset=\"https:\/\/oceanshipping.vn\/wp-content\/uploads\/2024\/05\/cung-ung-vat-tu-tau-bien-gia-re-min_20cc9f241c3b4044b1341498f93077ff_1024x1024.jpg 1000w, https:\/\/oceanshipping.vn\/wp-content\/uploads\/2024\/05\/cung-ung-vat-tu-tau-bien-gia-re-min_20cc9f241c3b4044b1341498f93077ff_1024x1024-300x200.jpg 300w, https:\/\/oceanshipping.vn\/wp-content\/uploads\/2024\/05\/cung-ung-vat-tu-tau-bien-gia-re-min_20cc9f241c3b4044b1341498f93077ff_1024x1024-768x512.jpg 768w\" sizes=\"(max-width: 1000px) 100vw, 1000px\" \/>\t\t\t\t\t\t\t\t\t\t\t\t\t\t\t<\/div>\n\t\t\t\t<\/div>\n\t\t\t\t\t<\/div>\n\t\t<\/div>\n\t\t\t\t\t\t\t<\/div>\n\t\t<\/section>\n\t\t\t\t<section class=\"elementor-section elementor-top-section elementor-element elementor-element-2af690c elementor-section-boxed elementor-section-height-default elementor-section-height-default elementor-invisible\" data-id=\"2af690c\" data-element_type=\"section\" data-settings=\"{&quot;animation&quot;:&quot;slideInLeft&quot;}\">\n\t\t\t\t\t\t<div class=\"elementor-container elementor-column-gap-default\">\n\t\t\t\t\t<div class=\"elementor-column elementor-col-100 elementor-top-column elementor-element elementor-element-ee7c5a9\" data-id=\"ee7c5a9\" data-element_type=\"column\">\n\t\t\t<div class=\"elementor-widget-wrap elementor-element-populated\">\n\t\t\t\t\t\t\t\t<div class=\"elementor-element elementor-element-45cf857 elementor-widget elementor-widget-heading\" data-id=\"45cf857\" data-element_type=\"widget\" data-widget_type=\"heading.default\">\n\t\t\t\t<div class=\"elementor-widget-container\">\n\t\t\t<h2 class=\"elementor-heading-title elementor-size-default\">1. Gi\u1edbi thi\u1ec7u v\u1ec1 d\u1ecbch v\u1ee5 cung \u1ee9ng v\u1eadt t\u01b0 t\u00e0u bi\u1ec3n c\u1ee7a \u0110\u1ea1i D\u01b0\u01a1ng<\/h2>\t\t<\/div>\n\t\t\t\t<\/div>\n\t\t\t\t<div class=\"elementor-element elementor-element-7f87348 elementor-widget elementor-widget-text-editor\" data-id=\"7f87348\" data-element_type=\"widget\" data-widget_type=\"text-editor.default\">\n\t\t\t\t<div class=\"elementor-widget-container\">\n\t\t\t\t\t\t\t<ul><li data-sourcepos=\"11:1-13:35\"><strong>S\u1ea3n ph\u1ea9m \u0111a d\u1ea1ng:<\/strong> Ch\u00fang t\u00f4i cung c\u1ea5p \u0111\u1ea7y \u0111\u1ee7 c\u00e1c lo\u1ea1i v\u1eadt t\u01b0 thi\u1ebft y\u1ebfu cho t\u00e0u bi\u1ec3n, bao g\u1ed3m:<br \/><ul data-sourcepos=\"12:5-13:35\"><li data-sourcepos=\"12:5-12:75\">V\u1eadt t\u01b0 c\u01a1 kh\u00ed: \u0110\u1ed9ng c\u01a1, m\u00e1y m\u00f3c, ph\u1ee5 t\u00f9ng thay th\u1ebf, thi\u1ebft b\u1ecb \u0111i\u1ec7n,&#8230;<\/li><li data-sourcepos=\"13:5-13:35\">V\u1eadt t\u01b0 \u0111i\u1ec7n: C\u00e1p \u0111i\u1ec7n, \u1ed5 c\u1eafm, c\u00f4ng t\u1eafc, \u0111\u00e8n chi\u1ebfu s\u00e1ng,&#8230;<\/li><li data-sourcepos=\"14:5-14:63\">V\u1eadt t\u01b0 c\u1ee9u h\u1ed9: Phao c\u1ee9u sinh, \u00e1o phao, xu\u1ed3ng c\u1ee9u sinh,&#8230;<\/li><li data-sourcepos=\"15:5-15:74\">V\u1eadt t\u01b0 c\u1ee9u h\u1ecfa: B\u00ecnh ch\u1eefa ch\u00e1y, v\u00f2i phun n\u01b0\u1edbc, h\u1ec7 th\u1ed1ng b\u00e1o ch\u00e1y,&#8230;<\/li><li data-sourcepos=\"16:5-16:56\">V\u1eadt t\u01b0 y t\u1ebf: Thu\u1ed1c men, d\u1ee5ng c\u1ee5 y t\u1ebf, b\u00ecnh oxy,&#8230;<\/li><li data-sourcepos=\"17:5-17:69\">V\u1eadt t\u01b0 kh\u00e1c: D\u1ee5ng c\u1ee5 lao \u0111\u1ed9ng, \u0111\u1ed3 d\u00f9ng sinh ho\u1ea1t, th\u1ef1c ph\u1ea9m,&#8230;<\/li><\/ul><\/li><\/ul>\t\t\t\t\t\t<\/div>\n\t\t\t\t<\/div>\n\t\t\t\t\t<\/div>\n\t\t<\/div>\n\t\t\t\t\t\t\t<\/div>\n\t\t<\/section>\n\t\t\t\t<section class=\"elementor-section elementor-top-section elementor-element elementor-element-e0c5565 elementor-section-boxed elementor-section-height-default elementor-section-height-default elementor-invisible\" data-id=\"e0c5565\" data-element_type=\"section\" data-settings=\"{&quot;animation&quot;:&quot;slideInLeft&quot;}\">\n\t\t\t\t\t\t<div class=\"elementor-container elementor-column-gap-default\">\n\t\t\t\t\t<div class=\"elementor-column elementor-col-100 elementor-top-column elementor-element elementor-element-627677f\" data-id=\"627677f\" data-element_type=\"column\">\n\t\t\t<div class=\"elementor-widget-wrap elementor-element-populated\">\n\t\t\t\t\t\t\t\t<div class=\"elementor-element elementor-element-0349270 elementor-widget elementor-widget-heading\" data-id=\"0349270\" data-element_type=\"widget\" data-widget_type=\"heading.default\">\n\t\t\t\t<div class=\"elementor-widget-container\">\n\t\t\t<h2 class=\"elementor-heading-title elementor-size-default\">2. L\u1ee3i \u00edch khi s\u1eed d\u1ee5ng d\u1ecbch v\u1ee5 cung \u1ee9ng v\u1eadt t\u01b0 t\u00e0u bi\u1ec3n c\u1ee7a \u0110\u1ea1i D\u01b0\u01a1ng:<\/h2>\t\t<\/div>\n\t\t\t\t<\/div>\n\t\t\t\t<div class=\"elementor-element elementor-element-9bbc15f elementor-widget elementor-widget-text-editor\" data-id=\"9bbc15f\" data-element_type=\"widget\" data-widget_type=\"text-editor.default\">\n\t\t\t\t<div class=\"elementor-widget-container\">\n\t\t\t\t\t\t\t<ul><li data-sourcepos=\"26:1-26:269\"><strong>An t\u00e2m v\u1ec1 ch\u1ea5t l\u01b0\u1ee3ng:<\/strong> Qu\u00fd kh\u00e1ch h\u00e0ng ho\u00e0n to\u00e0n c\u00f3 th\u1ec3 y\u00ean t\u00e2m v\u1ec1 ch\u1ea5t l\u01b0\u1ee3ng s\u1ea3n ph\u1ea9m khi s\u1eed d\u1ee5ng d\u1ecbch v\u1ee5 c\u1ee7a \u0110\u1ea1i D\u01b0\u01a1ng. Ch\u00fang t\u00f4i cam k\u1ebft cung c\u1ea5p c\u00e1c s\u1ea3n ph\u1ea9m ch\u00ednh h\u00e3ng, c\u00f3 ngu\u1ed3n g\u1ed1c xu\u1ea5t x\u1ee9 r\u00f5 r\u00e0ng, \u0111\u1ea3m b\u1ea3o \u0111\u00e1p \u1ee9ng m\u1ecdi y\u00eau c\u1ea7u k\u1ef9 thu\u1eadt v\u00e0 an to\u00e0n cho t\u00e0u bi\u1ec3n.<\/li><li data-sourcepos=\"27:1-27:203\"><strong>Ti\u1ebft ki\u1ec7m th\u1eddi gian v\u00e0 chi ph\u00ed:<\/strong> V\u1edbi \u0111\u1ed9i ng\u0169 nh\u00e2n vi\u00ean chuy\u00ean nghi\u1ec7p v\u00e0 h\u1ec7 th\u1ed1ng qu\u1ea3n l\u00fd hi\u1ec7n \u0111\u1ea1i, ch\u00fang t\u00f4i t\u1ed1i \u01b0u h\u00f3a quy tr\u00ecnh cung \u1ee9ng v\u1eadt t\u01b0, gi\u00fap qu\u00fd kh\u00e1ch h\u00e0ng ti\u1ebft ki\u1ec7m th\u1eddi gian v\u00e0 chi ph\u00ed.<\/li><li data-sourcepos=\"28:1-28:125\"><strong>T\u0103ng hi\u1ec7u qu\u1ea3 ho\u1ea1t \u0111\u1ed9ng:<\/strong> Vi\u1ec7c cung \u1ee9ng \u0111\u1ea7y \u0111\u1ee7 v\u00e0 k\u1ecbp th\u1eddi c\u00e1c v\u1eadt t\u01b0 thi\u1ebft y\u1ebfu s\u1ebd gi\u00fap t\u00e0u bi\u1ec3n ho\u1ea1t \u0111\u1ed9ng hi\u1ec7u qu\u1ea3 h\u01a1n, gi\u1ea3m thi\u1ec3u r\u1ee7i ro v\u00e0 s\u1ef1 c\u1ed1.<\/li><li data-sourcepos=\"29:1-30:0\"><strong>H\u1ed7 tr\u1ee3 t\u1eadn t\u00e2m:<\/strong> Ch\u00fang t\u00f4i lu\u00f4n s\u1eb5n s\u00e0ng h\u1ed7 tr\u1ee3 qu\u00fd kh\u00e1ch h\u00e0ng 24\/7, gi\u1ea3i \u0111\u00e1p m\u1ecdi th\u1eafc m\u1eafc v\u00e0 cung c\u1ea5p d\u1ecbch v\u1ee5 ch\u0103m s\u00f3c kh\u00e1ch h\u00e0ng chu \u0111\u00e1o nh\u1ea5t.<\/li><\/ul>\t\t\t\t\t\t<\/div>\n\t\t\t\t<\/div>\n\t\t\t\t\t<\/div>\n\t\t<\/div>\n\t\t\t\t\t\t\t<\/div>\n\t\t<\/section>\n\t\t\t\t<section class=\"elementor-section elementor-top-section elementor-element elementor-element-0d4934d elementor-section-boxed elementor-section-height-default elementor-section-height-default elementor-invisible\" data-id=\"0d4934d\" data-element_type=\"section\" data-settings=\"{&quot;animation&quot;:&quot;slideInLeft&quot;}\">\n\t\t\t\t\t\t<div class=\"elementor-container elementor-column-gap-default\">\n\t\t\t\t\t<div class=\"elementor-column elementor-col-100 elementor-top-column elementor-element elementor-element-ac92eeb\" data-id=\"ac92eeb\" data-element_type=\"column\">\n\t\t\t<div class=\"elementor-widget-wrap elementor-element-populated\">\n\t\t\t\t\t\t\t\t<div class=\"elementor-element elementor-element-0c944d5 elementor-widget elementor-widget-heading\" data-id=\"0c944d5\" data-element_type=\"widget\" data-widget_type=\"heading.default\">\n\t\t\t\t<div class=\"elementor-widget-container\">\n\t\t\t<h2 class=\"elementor-heading-title elementor-size-default\">3. Cam k\u1ebft c\u1ee7a \u0110\u1ea1i D\u01b0\u01a1ng:<\/h2>\t\t<\/div>\n\t\t\t\t<\/div>\n\t\t\t\t<div class=\"elementor-element elementor-element-52a043e elementor-widget elementor-widget-text-editor\" data-id=\"52a043e\" data-element_type=\"widget\" data-widget_type=\"text-editor.default\">\n\t\t\t\t<div class=\"elementor-widget-container\">\n\t\t\t\t\t\t\t<ul><li data-sourcepos=\"33:1-33:185\"><strong>S\u1ea3n ph\u1ea9m ch\u1ea5t l\u01b0\u1ee3ng cao:<\/strong> Ch\u00fang t\u00f4i lu\u00f4n \u0111\u1eb7t ch\u1ea5t l\u01b0\u1ee3ng s\u1ea3n ph\u1ea9m l\u00ean h\u00e0ng \u0111\u1ea7u, cam k\u1ebft cung c\u1ea5p cho qu\u00fd kh\u00e1ch h\u00e0ng nh\u1eefng s\u1ea3n ph\u1ea9m t\u1ed1t nh\u1ea5t, \u0111\u00e1p \u1ee9ng m\u1ecdi y\u00eau c\u1ea7u k\u1ef9 thu\u1eadt v\u00e0 an to\u00e0n.<\/li><li data-sourcepos=\"34:1-34:120\"><strong>Gi\u00e1 c\u1ea3 c\u1ea1nh tranh:<\/strong> Ch\u00fang t\u00f4i lu\u00f4n c\u1eadp nh\u1eadt gi\u00e1 c\u1ea3 th\u1ecb tr\u01b0\u1eddng v\u00e0 \u0111\u01b0a ra m\u1ee9c gi\u00e1 c\u1ea1nh tranh nh\u1ea5t cho qu\u00fd kh\u00e1ch h\u00e0ng.<\/li><li data-sourcepos=\"35:1-35:146\"><strong>D\u1ecbch v\u1ee5 chuy\u00ean nghi\u1ec7p:<\/strong> \u0110\u1ed9i ng\u0169 nh\u00e2n vi\u00ean gi\u00e0u kinh nghi\u1ec7m c\u1ee7a ch\u00fang t\u00f4i lu\u00f4n s\u1eb5n s\u00e0ng t\u01b0 v\u1ea5n v\u00e0 h\u1ed7 tr\u1ee3 qu\u00fd kh\u00e1ch h\u00e0ng m\u1ed9t c\u00e1ch t\u1eadn t\u00e2m nh\u1ea5t.<\/li><li data-sourcepos=\"36:1-36:112\"><strong>Giao h\u00e0ng nhanh ch\u00f3ng:<\/strong> Ch\u00fang t\u00f4i \u0111\u1ea3m b\u1ea3o giao h\u00e0ng nhanh ch\u00f3ng v\u00e0 \u0111\u00fang h\u1eb9n \u0111\u1ebfn t\u1eadn n\u01a1i cho qu\u00fd kh\u00e1ch h\u00e0ng.<\/li><li data-sourcepos=\"37:1-38:0\"><strong>H\u1ed7 tr\u1ee3 24\/7:<\/strong> Ch\u00fang t\u00f4i lu\u00f4n s\u1eb5n s\u00e0ng h\u1ed7 tr\u1ee3 qu\u00fd kh\u00e1ch h\u00e0ng 24\/7 qua \u0111i\u1ec7n tho\u1ea1i, email ho\u1eb7c website.<\/li><\/ul>\t\t\t\t\t\t<\/div>\n\t\t\t\t<\/div>\n\t\t\t\t\t<\/div>\n\t\t<\/div>\n\t\t\t\t\t\t\t<\/div>\n\t\t<\/section>\n\t\t\t\t\t\t<\/div>\n\t\t\t\t\t<\/div>\n\t\t","protected":false},"excerpt":{"rendered":"<p>Cung \u1ee8ng V\u1eadt T\u01b0 T\u00e0u Bi\u1ec3n Chuy\u00ean Nghi\u1ec7p &#8211; Gi\u1ea3i Ph\u00e1p Ho\u00e0n H\u1ea3o Cho Ho\u1ea1t \u0110\u1ed9ng H\u00e0ng H\u1ea3i C\u1ee7a B\u1ea1n Ng\u00e0nh h\u00e0ng h\u1ea3i \u0111\u00f3ng vai tr\u00f2 quan tr\u1ecdng trong n\u1ec1n kinh t\u1ebf qu\u1ed1c d\u00e2n, g\u00f3p ph\u1ea7n th\u00fac \u0111\u1ea9y giao th\u01b0\u01a1ng qu\u1ed1c t\u1ebf v\u00e0 ph\u00e1t tri\u1ec3n \u0111\u1ea5t n\u01b0\u1edbc. Tuy nhi\u00ean, \u0111\u1ec3 \u0111\u1ea3m b\u1ea3o an to\u00e0n v\u00e0 &hellip;<\/p>\n<p class=\"read-more\"> <a class=\"\" href=\"https:\/\/oceanshipping.vn\/index.php\/cung-ung-vat-tu-tau-bien\/\"> <span class=\"screen-reader-text\">Cung \u1ee9ng v\u1eadt t\u01b0 t\u00e0u bi\u1ec3n<\/span> Read More &raquo;<\/a><\/p>\n","protected":false},"author":1,"featured_media":0,"parent":0,"menu_order":0,"comment_status":"closed","ping_status":"closed","template":"","meta":{"site-sidebar-layout":"no-sidebar","site-content-layout":"page-builder","ast-main-header-display":"","ast-hfb-above-header-display":"","ast-hfb-below-header-display":"","ast-hfb-mobile-header-display":"","site-post-title":"disabled","ast-breadcrumbs-content":"","ast-featured-img":"disabled","footer-sml-layout":"","theme-transparent-header-meta":"","adv-header-id-meta":"","stick-header-meta":"","header-above-stick-meta":"","header-main-stick-meta":"","header-below-stick-meta":"","footnotes":""},"class_list":["post-73","page","type-page","status-publish","hentry"],"_links":{"self":[{"href":"https:\/\/oceanshipping.vn\/index.php\/wp-json\/wp\/v2\/pages\/73"}],"collection":[{"href":"https:\/\/oceanshipping.vn\/index.php\/wp-json\/wp\/v2\/pages"}],"about":[{"href":"https:\/\/oceanshipping.vn\/index.php\/wp-json\/wp\/v2\/types\/page"}],"author":[{"embeddable":true,"href":"https:\/\/oceanshipping.vn\/index.php\/wp-json\/wp\/v2\/users\/1"}],"replies":[{"embeddable":true,"href":"https:\/\/oceanshipping.vn\/index.php\/wp-json\/wp\/v2\/comments?post=73"}],"version-history":[{"count":13,"href":"https:\/\/oceanshipping.vn\/index.php\/wp-json\/wp\/v2\/pages\/73\/revisions"}],"predecessor-version":[{"id":1002,"href":"https:\/\/oceanshipping.vn\/index.php\/wp-json\/wp\/v2\/pages\/73\/revisions\/1002"}],"wp:attachment":[{"href":"https:\/\/oceanshipping.vn\/index.php\/wp-json\/wp\/v2\/media?parent=73"}],"curies":[{"name":"wp","href":"https:\/\/api.w.org\/{rel}","templated":true}]}}