{"id":75,"date":"2024-05-16T01:38:17","date_gmt":"2024-05-16T01:38:17","guid":{"rendered":"https:\/\/oceanshipping.vn\/?page_id=75"},"modified":"2024-05-20T07:21:49","modified_gmt":"2024-05-20T07:21:49","slug":"cung-ung-thuc-pham-cho-tau-bien","status":"publish","type":"page","link":"https:\/\/oceanshipping.vn\/index.php\/cung-ung-thuc-pham-cho-tau-bien\/","title":{"rendered":"Cung \u1ee9ng th\u1ef1c ph\u1ea9m cho t\u00e0u bi\u1ec3n"},"content":{"rendered":"\t\t<div data-elementor-type=\"wp-page\" data-elementor-id=\"75\" class=\"elementor elementor-75\" data-elementor-settings=\"[]\">\n\t\t\t\t\t\t\t<div class=\"elementor-section-wrap\">\n\t\t\t\t\t\t\t<section class=\"elementor-section elementor-top-section elementor-element elementor-element-01892e7 elementor-section-boxed elementor-section-height-default elementor-section-height-default\" data-id=\"01892e7\" data-element_type=\"section\">\n\t\t\t\t\t\t<div class=\"elementor-container elementor-column-gap-default\">\n\t\t\t\t\t<div class=\"elementor-column elementor-col-100 elementor-top-column elementor-element elementor-element-acee094\" data-id=\"acee094\" data-element_type=\"column\">\n\t\t\t<div class=\"elementor-widget-wrap elementor-element-populated\">\n\t\t\t\t\t\t\t\t<div class=\"elementor-element elementor-element-99bcbd2 elementor-widget elementor-widget-heading\" data-id=\"99bcbd2\" data-element_type=\"widget\" data-widget_type=\"heading.default\">\n\t\t\t\t<div class=\"elementor-widget-container\">\n\t\t\t<style>\/*! elementor - v3.5.2 - 22-12-2021 *\/\n.elementor-heading-title{padding:0;margin:0;line-height:1}.elementor-widget-heading .elementor-heading-title[class*=elementor-size-]>a{color:inherit;font-size:inherit;line-height:inherit}.elementor-widget-heading .elementor-heading-title.elementor-size-small{font-size:15px}.elementor-widget-heading .elementor-heading-title.elementor-size-medium{font-size:19px}.elementor-widget-heading .elementor-heading-title.elementor-size-large{font-size:29px}.elementor-widget-heading .elementor-heading-title.elementor-size-xl{font-size:39px}.elementor-widget-heading .elementor-heading-title.elementor-size-xxl{font-size:59px}<\/style><h4 class=\"elementor-heading-title elementor-size-default\">N\u00e2ng T\u1ea7m Ch\u1ea5t L\u01b0\u1ee3ng Cu\u1ed9c S\u1ed1ng Tr\u00ean M\u1ed7i H\u00e0nh Tr\u00ecnh C\u00f9ng D\u1ecbch V\u1ee5 Cung \u1ee8ng Th\u1ef1c Ph\u1ea9m Chuy\u00ean Nghi\u1ec7p C\u1ee7a \u0110\u1ea1i D\u01b0\u01a1ng<\/h4>\t\t<\/div>\n\t\t\t\t<\/div>\n\t\t\t\t\t<\/div>\n\t\t<\/div>\n\t\t\t\t\t\t\t<\/div>\n\t\t<\/section>\n\t\t\t\t<section class=\"elementor-section elementor-top-section elementor-element elementor-element-f6f4818 elementor-section-boxed elementor-section-height-default elementor-section-height-default\" data-id=\"f6f4818\" data-element_type=\"section\">\n\t\t\t\t\t\t<div class=\"elementor-container elementor-column-gap-default\">\n\t\t\t\t\t<div class=\"elementor-column elementor-col-100 elementor-top-column elementor-element elementor-element-248de92\" data-id=\"248de92\" data-element_type=\"column\">\n\t\t\t<div class=\"elementor-widget-wrap elementor-element-populated\">\n\t\t\t\t\t\t\t\t<div class=\"elementor-element elementor-element-74da9fe elementor-widget elementor-widget-text-editor\" data-id=\"74da9fe\" data-element_type=\"widget\" data-widget_type=\"text-editor.default\">\n\t\t\t\t<div class=\"elementor-widget-container\">\n\t\t\t<style>\/*! elementor - v3.5.2 - 22-12-2021 *\/\n.elementor-widget-text-editor.elementor-drop-cap-view-stacked .elementor-drop-cap{background-color:#818a91;color:#fff}.elementor-widget-text-editor.elementor-drop-cap-view-framed .elementor-drop-cap{color:#818a91;border:3px solid;background-color:transparent}.elementor-widget-text-editor:not(.elementor-drop-cap-view-default) .elementor-drop-cap{margin-top:8px}.elementor-widget-text-editor:not(.elementor-drop-cap-view-default) .elementor-drop-cap-letter{width:1em;height:1em}.elementor-widget-text-editor .elementor-drop-cap{float:left;text-align:center;line-height:1;font-size:50px}.elementor-widget-text-editor .elementor-drop-cap-letter{display:inline-block}<\/style>\t\t\t\t<p><strong>C\u00f4ng Ty C\u1ed5 Ph\u1ea7n Qu\u1ea3n L\u00fd T\u00e0u V\u00e0 D\u1ecbch V\u1ee5 H\u00e0ng H\u1ea3i \u0110\u1ea1i D\u01b0\u01a1ng<\/strong> t\u1ef1 h\u00e0o l\u00e0 nh\u00e0 cung c\u1ea5p d\u1ecbch v\u1ee5 cung \u1ee9ng th\u1ef1c ph\u1ea9m cho t\u00e0u bi\u1ec3n uy t\u00edn h\u00e0ng \u0111\u1ea7u t\u1ea1i H\u1ea3i Ph\u00f2ng. V\u1edbi nhi\u1ec1u n\u0103m kinh nghi\u1ec7m trong l\u0129nh v\u1ef1c n\u00e0y, ch\u00fang t\u00f4i cam k\u1ebft mang \u0111\u1ebfn cho qu\u00fd kh\u00e1ch h\u00e0ng nh\u1eefng b\u1eefa \u0103n ngon mi\u1ec7ng, \u0111\u1ea3m b\u1ea3o v\u1ec7 sinh an to\u00e0n th\u1ef1c ph\u1ea9m v\u00e0 dinh d\u01b0\u1ee1ng, g\u00f3p ph\u1ea7n n\u00e2ng cao ch\u1ea5t l\u01b0\u1ee3ng cu\u1ed9c s\u1ed1ng cho th\u1ee7y th\u1ee7 \u0111o\u00e0n tr\u00ean m\u1ed7i h\u00e0nh tr\u00ecnh.<\/p>\t\t\t\t\t\t<\/div>\n\t\t\t\t<\/div>\n\t\t\t\t\t<\/div>\n\t\t<\/div>\n\t\t\t\t\t\t\t<\/div>\n\t\t<\/section>\n\t\t\t\t<section class=\"elementor-section elementor-top-section elementor-element elementor-element-b4f2846 elementor-section-boxed elementor-section-height-default elementor-section-height-default\" data-id=\"b4f2846\" data-element_type=\"section\">\n\t\t\t\t\t\t<div class=\"elementor-container elementor-column-gap-default\">\n\t\t\t\t\t<div class=\"elementor-column elementor-col-50 elementor-top-column elementor-element elementor-element-d5960ec\" data-id=\"d5960ec\" data-element_type=\"column\">\n\t\t\t<div class=\"elementor-widget-wrap elementor-element-populated\">\n\t\t\t\t\t\t\t\t<div class=\"elementor-element elementor-element-08a5ec3 elementor-widget elementor-widget-heading\" data-id=\"08a5ec3\" data-element_type=\"widget\" data-widget_type=\"heading.default\">\n\t\t\t\t<div class=\"elementor-widget-container\">\n\t\t\t<h4 class=\"elementor-heading-title elementor-size-default\">T\u1ea1i sao n\u00ean l\u1ef1a ch\u1ecdn d\u1ecbch v\u1ee5 cung \u1ee9ng th\u1ef1c ph\u1ea9m cho t\u00e0u bi\u1ec3n c\u1ee7a \u0110\u1ea1i D\u01b0\u01a1ng?<\/h4>\t\t<\/div>\n\t\t\t\t<\/div>\n\t\t\t\t<div class=\"elementor-element elementor-element-9afc279 elementor-invisible elementor-widget elementor-widget-text-editor\" data-id=\"9afc279\" data-element_type=\"widget\" data-settings=\"{&quot;_animation&quot;:&quot;bounceIn&quot;}\" data-widget_type=\"text-editor.default\">\n\t\t\t\t<div class=\"elementor-widget-container\">\n\t\t\t\t\t\t\t<ul><li data-sourcepos=\"7:1-7:273\"><strong>Ngu\u1ed3n th\u1ef1c ph\u1ea9m t\u01b0\u01a1i ngon, \u0111a d\u1ea1ng:<\/strong> Ch\u00fang t\u00f4i s\u1eed d\u1ee5ng ngu\u1ed3n nguy\u00ean li\u1ec7u t\u01b0\u01a1i ngon, \u0111\u01b0\u1ee3c tuy\u1ec3n ch\u1ecdn k\u1ef9 l\u01b0\u1ee1ng t\u1eeb c\u00e1c nh\u00e0 cung c\u1ea5p uy t\u00edn, \u0111\u1ea3m b\u1ea3o v\u1ec7 sinh an to\u00e0n th\u1ef1c ph\u1ea9m. Th\u1ef1c \u0111\u01a1n \u0111\u01b0\u1ee3c thi\u1ebft k\u1ebf \u0111a d\u1ea1ng, phong ph\u00fa, \u0111\u00e1p \u1ee9ng kh\u1ea9u v\u1ecb c\u1ee7a th\u1ee7y th\u1ee7 \u0111o\u00e0n tr\u00ean m\u1ecdi qu\u1ed1c t\u1ecbch.<\/li><li data-sourcepos=\"8:1-8:113\"><strong>Ch\u1ebf bi\u1ebfn b\u1edfi \u0111\u1ed9i ng\u0169 \u0111\u1ea7u b\u1ebfp chuy\u00ean nghi\u1ec7p:<\/strong> \u0110\u1ed9i ng\u0169 \u0111\u1ea7u b\u1ebfp gi\u00e0u kinh nghi\u1ec7m c\u1ee7a ch\u00fang t\u00f4i lu\u00f4n s\u00e1ng t\u1ea1o v\u00e0 \u0111\u1ed5i m\u1edbi th\u1ef1c \u0111\u01a1n, mang \u0111\u1ebfn cho th\u1ee7y th\u1ee7 \u0111o\u00e0n nh\u1eefng b\u1eefa \u0103n ngon mi\u1ec7ng v\u00e0 \u0111\u1ea7y \u0111\u1ee7 dinh d\u01b0\u1ee1ng.<\/li><li data-sourcepos=\"9:1-9:168\"><strong>B\u1ea3o qu\u1ea3n th\u1ef1c ph\u1ea9m an to\u00e0n:<\/strong> Ch\u00fang t\u00f4i \u00e1p d\u1ee5ng h\u1ec7 th\u1ed1ng b\u1ea3o qu\u1ea3n th\u1ef1c ph\u1ea9m hi\u1ec7n \u0111\u1ea1i, \u0111\u1ea3m b\u1ea3o th\u1ef1c ph\u1ea9m lu\u00f4n t\u01b0\u01a1i ngon v\u00e0 gi\u1eef nguy\u00ean h\u01b0\u01a1ng v\u1ecb trong su\u1ed1t h\u00e0nh tr\u00ecnh.<\/li><li data-sourcepos=\"10:1-10:191\"><strong>D\u1ecbch v\u1ee5 chuy\u00ean nghi\u1ec7p, t\u1eadn t\u00e2m:<\/strong> \u0110\u1ed9i ng\u0169 nh\u00e2n vi\u00ean chuy\u00ean nghi\u1ec7p c\u1ee7a ch\u00fang t\u00f4i lu\u00f4n s\u1eb5n s\u00e0ng ph\u1ee5c v\u1ee5 qu\u00fd kh\u00e1ch h\u00e0ng 24\/7, gi\u1ea3i \u0111\u00e1p m\u1ecdi th\u1eafc m\u1eafc v\u00e0 \u0111\u00e1p \u1ee9ng m\u1ecdi y\u00eau c\u1ea7u c\u1ee7a qu\u00fd kh\u00e1ch h\u00e0ng.<\/li><li data-sourcepos=\"11:1-12:0\"><strong>Gi\u00e1 c\u1ea3 c\u1ea1nh tranh:<\/strong> Ch\u00fang t\u00f4i lu\u00f4n \u0111\u01b0a ra m\u1ee9c gi\u00e1 c\u1ea1nh tranh nh\u1ea5t cho d\u1ecbch v\u1ee5 cung \u1ee9ng th\u1ef1c ph\u1ea9m cho t\u00e0u bi\u1ec3n, ph\u00f9 h\u1ee3p v\u1edbi ng\u00e2n s\u00e1ch c\u1ee7a qu\u00fd kh\u00e1ch h\u00e0ng.<\/li><\/ul>\t\t\t\t\t\t<\/div>\n\t\t\t\t<\/div>\n\t\t\t\t\t<\/div>\n\t\t<\/div>\n\t\t\t\t<div class=\"elementor-column elementor-col-50 elementor-top-column elementor-element elementor-element-3451d50\" data-id=\"3451d50\" data-element_type=\"column\">\n\t\t\t<div class=\"elementor-widget-wrap elementor-element-populated\">\n\t\t\t\t\t\t\t\t<div class=\"elementor-element elementor-element-f0bf257 elementor-widget elementor-widget-image\" data-id=\"f0bf257\" data-element_type=\"widget\" data-widget_type=\"image.default\">\n\t\t\t\t<div class=\"elementor-widget-container\">\n\t\t\t<style>\/*! elementor - v3.5.2 - 22-12-2021 *\/\n.elementor-widget-image{text-align:center}.elementor-widget-image a{display:inline-block}.elementor-widget-image a img[src$=\".svg\"]{width:48px}.elementor-widget-image img{vertical-align:middle;display:inline-block}<\/style>\t\t\t\t\t\t\t\t\t\t\t\t<img loading=\"lazy\" decoding=\"async\" width=\"700\" height=\"524\" src=\"https:\/\/oceanshipping.vn\/wp-content\/uploads\/2024\/05\/img-bgt-2021-dau-bep-luong-phu-hung-chuan-bi-bua-an-cho-cac-thuyen-vien-1-1661744972-width1280height959.webp\" class=\"attachment-large size-large\" alt=\"\" srcset=\"https:\/\/oceanshipping.vn\/wp-content\/uploads\/2024\/05\/img-bgt-2021-dau-bep-luong-phu-hung-chuan-bi-bua-an-cho-cac-thuyen-vien-1-1661744972-width1280height959.webp 700w, https:\/\/oceanshipping.vn\/wp-content\/uploads\/2024\/05\/img-bgt-2021-dau-bep-luong-phu-hung-chuan-bi-bua-an-cho-cac-thuyen-vien-1-1661744972-width1280height959-300x225.webp 300w\" sizes=\"(max-width: 700px) 100vw, 700px\" \/>\t\t\t\t\t\t\t\t\t\t\t\t\t\t\t<\/div>\n\t\t\t\t<\/div>\n\t\t\t\t\t<\/div>\n\t\t<\/div>\n\t\t\t\t\t\t\t<\/div>\n\t\t<\/section>\n\t\t\t\t<section class=\"elementor-section elementor-top-section elementor-element elementor-element-b33222e elementor-section-boxed elementor-section-height-default elementor-section-height-default\" data-id=\"b33222e\" data-element_type=\"section\">\n\t\t\t\t\t\t<div class=\"elementor-container elementor-column-gap-default\">\n\t\t\t\t\t<div class=\"elementor-column elementor-col-50 elementor-top-column elementor-element elementor-element-1e67fc1\" data-id=\"1e67fc1\" data-element_type=\"column\">\n\t\t\t<div class=\"elementor-widget-wrap elementor-element-populated\">\n\t\t\t\t\t\t\t\t<div class=\"elementor-element elementor-element-3e2c322 elementor-widget elementor-widget-image\" data-id=\"3e2c322\" data-element_type=\"widget\" data-widget_type=\"image.default\">\n\t\t\t\t<div class=\"elementor-widget-container\">\n\t\t\t\t\t\t\t\t\t\t\t\t\t\t\t<img loading=\"lazy\" decoding=\"async\" width=\"1000\" height=\"750\" src=\"https:\/\/oceanshipping.vn\/wp-content\/uploads\/2024\/05\/tiec-buffet-tren-du-thuyen-2.jpg\" class=\"attachment-large size-large\" alt=\"\" srcset=\"https:\/\/oceanshipping.vn\/wp-content\/uploads\/2024\/05\/tiec-buffet-tren-du-thuyen-2.jpg 1000w, https:\/\/oceanshipping.vn\/wp-content\/uploads\/2024\/05\/tiec-buffet-tren-du-thuyen-2-300x225.jpg 300w, https:\/\/oceanshipping.vn\/wp-content\/uploads\/2024\/05\/tiec-buffet-tren-du-thuyen-2-768x576.jpg 768w\" sizes=\"(max-width: 1000px) 100vw, 1000px\" \/>\t\t\t\t\t\t\t\t\t\t\t\t\t\t\t<\/div>\n\t\t\t\t<\/div>\n\t\t\t\t\t<\/div>\n\t\t<\/div>\n\t\t\t\t<div class=\"elementor-column elementor-col-50 elementor-top-column elementor-element elementor-element-eaba2dc\" data-id=\"eaba2dc\" data-element_type=\"column\">\n\t\t\t<div class=\"elementor-widget-wrap elementor-element-populated\">\n\t\t\t\t\t\t\t\t<div class=\"elementor-element elementor-element-27117b4 elementor-widget elementor-widget-heading\" data-id=\"27117b4\" data-element_type=\"widget\" data-widget_type=\"heading.default\">\n\t\t\t\t<div class=\"elementor-widget-container\">\n\t\t\t<h4 class=\"elementor-heading-title elementor-size-default\">V\u1edbi d\u1ecbch v\u1ee5 cung \u1ee9ng th\u1ef1c ph\u1ea9m cho t\u00e0u bi\u1ec3n c\u1ee7a \u0110\u1ea1i D\u01b0\u01a1ng, qu\u00fd kh\u00e1ch h\u00e0ng ho\u00e0n to\u00e0n c\u00f3 th\u1ec3 y\u00ean t\u00e2m:<\/h4>\t\t<\/div>\n\t\t\t\t<\/div>\n\t\t\t\t<div class=\"elementor-element elementor-element-36142ff elementor-invisible elementor-widget elementor-widget-text-editor\" data-id=\"36142ff\" data-element_type=\"widget\" data-settings=\"{&quot;_animation&quot;:&quot;bounceIn&quot;}\" data-widget_type=\"text-editor.default\">\n\t\t\t\t<div class=\"elementor-widget-container\">\n\t\t\t\t\t\t\t<ul><li data-sourcepos=\"7:1-7:273\"><ul data-sourcepos=\"15:1-16:38\"><li data-sourcepos=\"15:1-15:165\">Th\u1ee7y th\u1ee7 \u0111o\u00e0n s\u1ebd lu\u00f4n \u0111\u01b0\u1ee3c cung c\u1ea5p nh\u1eefng b\u1eefa \u0103n ngon mi\u1ec7ng, \u0111\u1ea7y \u0111\u1ee7 dinh d\u01b0\u1ee1ng, gi\u00fap h\u1ecd c\u00f3 s\u1ee9c kh\u1ecfe t\u1ed1t v\u00e0 tinh th\u1ea7n tho\u1ea3i m\u00e1i \u0111\u1ec3 ho\u00e0n th\u00e0nh t\u1ed1t nhi\u1ec7m v\u1ee5 tr\u00ean t\u00e0u.<\/li><li data-sourcepos=\"16:1-16:38\">H\u00ecnh \u1ea3nh c\u1ee7a c\u00f4ng ty v\u1eadn t\u1ea3i s\u1ebd \u0111\u01b0\u1ee3c n\u00e2ng cao nh\u1edd ch\u1ea5t l\u01b0\u1ee3ng d\u1ecbch v\u1ee5 t\u1ed1t, g\u00f3p ph\u1ea7n thu h\u00fat v\u00e0 gi\u1eef ch\u00e2n nh\u00e2n vi\u00ean.<\/li><li data-sourcepos=\"17:1-18:0\">Chi ph\u00ed cho vi\u1ec7c cung \u1ee9ng th\u1ef1c ph\u1ea9m s\u1ebd \u0111\u01b0\u1ee3c t\u1ed1i \u01b0u h\u00f3a nh\u1edd m\u1ee9c gi\u00e1 c\u1ea1nh tranh v\u00e0 d\u1ecbch v\u1ee5 chuy\u00ean nghi\u1ec7p c\u1ee7a \u0110\u1ea1i D\u01b0\u01a1ng.<\/li><\/ul><p data-sourcepos=\"19:1-19:151\"><strong>H\u00e3y li\u00ean h\u1ec7 v\u1edbi ch\u00fang t\u00f4i ngay h\u00f4m nay \u0111\u1ec3 \u0111\u01b0\u1ee3c t\u01b0 v\u1ea5n mi\u1ec5n ph\u00ed v\u00e0 tr\u1ea3i nghi\u1ec7m d\u1ecbch v\u1ee5 cung \u1ee9ng th\u1ef1c ph\u1ea9m cho t\u00e0u bi\u1ec3n ch\u1ea5t l\u01b0\u1ee3ng cao c\u1ee7a \u0110\u1ea1i D\u01b0\u01a1ng!<\/strong><\/p><\/li><\/ul>\t\t\t\t\t\t<\/div>\n\t\t\t\t<\/div>\n\t\t\t\t\t<\/div>\n\t\t<\/div>\n\t\t\t\t\t\t\t<\/div>\n\t\t<\/section>\n\t\t\t\t\t\t<\/div>\n\t\t\t\t\t<\/div>\n\t\t","protected":false},"excerpt":{"rendered":"<p>N\u00e2ng T\u1ea7m Ch\u1ea5t L\u01b0\u1ee3ng Cu\u1ed9c S\u1ed1ng Tr\u00ean M\u1ed7i H\u00e0nh Tr\u00ecnh C\u00f9ng D\u1ecbch V\u1ee5 Cung \u1ee8ng Th\u1ef1c Ph\u1ea9m Chuy\u00ean Nghi\u1ec7p C\u1ee7a \u0110\u1ea1i D\u01b0\u01a1ng C\u00f4ng Ty C\u1ed5 Ph\u1ea7n Qu\u1ea3n L\u00fd T\u00e0u V\u00e0 D\u1ecbch V\u1ee5 H\u00e0ng H\u1ea3i \u0110\u1ea1i D\u01b0\u01a1ng t\u1ef1 h\u00e0o l\u00e0 nh\u00e0 cung c\u1ea5p d\u1ecbch v\u1ee5 cung \u1ee9ng th\u1ef1c ph\u1ea9m cho t\u00e0u bi\u1ec3n uy t\u00edn h\u00e0ng \u0111\u1ea7u &hellip;<\/p>\n<p class=\"read-more\"> <a class=\"\" href=\"https:\/\/oceanshipping.vn\/index.php\/cung-ung-thuc-pham-cho-tau-bien\/\"> <span class=\"screen-reader-text\">Cung \u1ee9ng th\u1ef1c ph\u1ea9m cho t\u00e0u bi\u1ec3n<\/span> Read More &raquo;<\/a><\/p>\n","protected":false},"author":1,"featured_media":0,"parent":0,"menu_order":0,"comment_status":"closed","ping_status":"closed","template":"","meta":{"site-sidebar-layout":"no-sidebar","site-content-layout":"page-builder","ast-main-header-display":"","ast-hfb-above-header-display":"","ast-hfb-below-header-display":"","ast-hfb-mobile-header-display":"","site-post-title":"disabled","ast-breadcrumbs-content":"","ast-featured-img":"disabled","footer-sml-layout":"","theme-transparent-header-meta":"","adv-header-id-meta":"","stick-header-meta":"","header-above-stick-meta":"","header-main-stick-meta":"","header-below-stick-meta":"","footnotes":""},"class_list":["post-75","page","type-page","status-publish","hentry"],"_links":{"self":[{"href":"https:\/\/oceanshipping.vn\/index.php\/wp-json\/wp\/v2\/pages\/75"}],"collection":[{"href":"https:\/\/oceanshipping.vn\/index.php\/wp-json\/wp\/v2\/pages"}],"about":[{"href":"https:\/\/oceanshipping.vn\/index.php\/wp-json\/wp\/v2\/types\/page"}],"author":[{"embeddable":true,"href":"https:\/\/oceanshipping.vn\/index.php\/wp-json\/wp\/v2\/users\/1"}],"replies":[{"embeddable":true,"href":"https:\/\/oceanshipping.vn\/index.php\/wp-json\/wp\/v2\/comments?post=75"}],"version-history":[{"count":16,"href":"https:\/\/oceanshipping.vn\/index.php\/wp-json\/wp\/v2\/pages\/75\/revisions"}],"predecessor-version":[{"id":464,"href":"https:\/\/oceanshipping.vn\/index.php\/wp-json\/wp\/v2\/pages\/75\/revisions\/464"}],"wp:attachment":[{"href":"https:\/\/oceanshipping.vn\/index.php\/wp-json\/wp\/v2\/media?parent=75"}],"curies":[{"name":"wp","href":"https:\/\/api.w.org\/{rel}","templated":true}]}}